{"id":2581,"date":"2024-12-09T09:08:21","date_gmt":"2024-12-09T09:08:21","guid":{"rendered":"https:\/\/www.marcocolzani.it\/?post_type=product&#038;p=2581"},"modified":"2024-12-09T09:23:38","modified_gmt":"2024-12-09T09:23:38","slug":"arabica-100-decaffeinato-in-grani","status":"publish","type":"product","link":"https:\/\/www.marcocolzani.it\/en\/product\/arabica-100-decaffeinato-in-grani\/","title":{"rendered":"Arabica 100% Decaffeinato in grani"},"content":{"rendered":"","protected":false},"excerpt":{"rendered":"<p>Water decaffeinated, all the aromatic qualities and delicacy of Arabica coffee, without the caffeine.<\/p>\n<p>Caff\u00e8 in grani. Contenuto: 1 Kg<\/p>","protected":false},"featured_media":970,"template":"","meta":{"_acf_changed":false,"_et_pb_use_builder":"","_et_pb_old_content":"","_et_gb_content_width":""},"product_brand":[],"product_cat":[21],"product_tag":[],"class_list":{"0":"post-2581","1":"product","2":"type-product","3":"status-publish","4":"has-post-thumbnail","6":"product_cat-caffe","8":"first","9":"instock","10":"taxable","11":"shipping-taxable","12":"purchasable","13":"product-type-variable","14":"has-default-attributes"},"acf":[],"yoast_head":"<!-- This site is optimized with the Yoast SEO plugin v27.4 - https:\/\/yoast.com\/product\/yoast-seo-wordpress\/ -->\n<title>Arabica 100% Decaffeinato in grani - Marco Colzani<\/title>\n<meta name=\"robots\" content=\"index, follow, max-snippet:-1, max-image-preview:large, max-video-preview:-1\" \/>\n<link rel=\"canonical\" href=\"https:\/\/www.marcocolzani.it\/en\/product\/arabica-100-decaffeinato-in-grani\/\" \/>\n<meta property=\"og:locale\" content=\"en_US\" \/>\n<meta property=\"og:type\" content=\"article\" \/>\n<meta property=\"og:title\" content=\"Arabica 100% Decaffeinato in grani - Marco Colzani\" \/>\n<meta property=\"og:description\" content=\"Decaffeinato ad acqua, tutte le qualit\u00e0 aromatiche e la delicatezza del caff\u00e8 arabica, senza la caffeina.  Caff\u00e8 in grani. Contenuto: 1 Kg\" \/>\n<meta property=\"og:url\" content=\"https:\/\/www.marcocolzani.it\/en\/product\/arabica-100-decaffeinato-in-grani\/\" \/>\n<meta property=\"og:site_name\" content=\"Marco Colzani\" \/>\n<meta property=\"article:publisher\" content=\"https:\/\/www.facebook.com\/marcocolzani.it\/\" \/>\n<meta property=\"article:modified_time\" content=\"2024-12-09T09:23:38+00:00\" \/>\n<meta property=\"og:image\" content=\"https:\/\/www.marcocolzani.it\/wp-content\/uploads\/2024\/10\/Arabica-Deca-100-in-grani-1kg-cover.png\" \/>\n\t<meta property=\"og:image:width\" content=\"570\" \/>\n\t<meta property=\"og:image:height\" content=\"756\" \/>\n\t<meta property=\"og:image:type\" content=\"image\/png\" \/>\n<meta name=\"twitter:card\" content=\"summary_large_image\" \/>\n<meta name=\"twitter:label1\" content=\"Est. reading time\" \/>\n\t<meta name=\"twitter:data1\" content=\"1 minute\" \/>\n<script type=\"application\/ld+json\" class=\"yoast-schema-graph\">{\"@context\":\"https:\\\/\\\/schema.org\",\"@graph\":[{\"@type\":\"WebPage\",\"@id\":\"https:\\\/\\\/www.marcocolzani.it\\\/prodotto\\\/arabica-100-decaffeinato-in-grani\\\/\",\"url\":\"https:\\\/\\\/www.marcocolzani.it\\\/prodotto\\\/arabica-100-decaffeinato-in-grani\\\/\",\"name\":\"Arabica 100% Decaffeinato in grani - Marco Colzani\",\"isPartOf\":{\"@id\":\"https:\\\/\\\/www.marcocolzani.it\\\/#website\"},\"primaryImageOfPage\":{\"@id\":\"https:\\\/\\\/www.marcocolzani.it\\\/prodotto\\\/arabica-100-decaffeinato-in-grani\\\/#primaryimage\"},\"image\":{\"@id\":\"https:\\\/\\\/www.marcocolzani.it\\\/prodotto\\\/arabica-100-decaffeinato-in-grani\\\/#primaryimage\"},\"thumbnailUrl\":\"https:\\\/\\\/www.marcocolzani.it\\\/wp-content\\\/uploads\\\/2024\\\/10\\\/Arabica-Deca-100-in-grani-1kg-cover.png\",\"datePublished\":\"2024-12-09T09:08:21+00:00\",\"dateModified\":\"2024-12-09T09:23:38+00:00\",\"breadcrumb\":{\"@id\":\"https:\\\/\\\/www.marcocolzani.it\\\/prodotto\\\/arabica-100-decaffeinato-in-grani\\\/#breadcrumb\"},\"inLanguage\":\"en-US\",\"potentialAction\":[{\"@type\":\"ReadAction\",\"target\":[\"https:\\\/\\\/www.marcocolzani.it\\\/prodotto\\\/arabica-100-decaffeinato-in-grani\\\/\"]}]},{\"@type\":\"ImageObject\",\"inLanguage\":\"en-US\",\"@id\":\"https:\\\/\\\/www.marcocolzani.it\\\/prodotto\\\/arabica-100-decaffeinato-in-grani\\\/#primaryimage\",\"url\":\"https:\\\/\\\/www.marcocolzani.it\\\/wp-content\\\/uploads\\\/2024\\\/10\\\/Arabica-Deca-100-in-grani-1kg-cover.png\",\"contentUrl\":\"https:\\\/\\\/www.marcocolzani.it\\\/wp-content\\\/uploads\\\/2024\\\/10\\\/Arabica-Deca-100-in-grani-1kg-cover.png\",\"width\":570,\"height\":756},{\"@type\":\"BreadcrumbList\",\"@id\":\"https:\\\/\\\/www.marcocolzani.it\\\/prodotto\\\/arabica-100-decaffeinato-in-grani\\\/#breadcrumb\",\"itemListElement\":[{\"@type\":\"ListItem\",\"position\":1,\"name\":\"Home\",\"item\":\"https:\\\/\\\/www.marcocolzani.it\\\/\"},{\"@type\":\"ListItem\",\"position\":2,\"name\":\"Shop\",\"item\":\"https:\\\/\\\/www.marcocolzani.it\\\/shop\\\/\"},{\"@type\":\"ListItem\",\"position\":3,\"name\":\"Arabica 100% Decaffeinato in grani\"}]},{\"@type\":\"WebSite\",\"@id\":\"https:\\\/\\\/www.marcocolzani.it\\\/#website\",\"url\":\"https:\\\/\\\/www.marcocolzani.it\\\/\",\"name\":\"Marco Colzani\",\"description\":\"\",\"publisher\":{\"@id\":\"https:\\\/\\\/www.marcocolzani.it\\\/#organization\"},\"potentialAction\":[{\"@type\":\"SearchAction\",\"target\":{\"@type\":\"EntryPoint\",\"urlTemplate\":\"https:\\\/\\\/www.marcocolzani.it\\\/?s={search_term_string}\"},\"query-input\":{\"@type\":\"PropertyValueSpecification\",\"valueRequired\":true,\"valueName\":\"search_term_string\"}}],\"inLanguage\":\"en-US\"},{\"@type\":\"Organization\",\"@id\":\"https:\\\/\\\/www.marcocolzani.it\\\/#organization\",\"name\":\"Laboratorio di Marco Colzani S.r.l.\",\"url\":\"https:\\\/\\\/www.marcocolzani.it\\\/\",\"logo\":{\"@type\":\"ImageObject\",\"inLanguage\":\"en-US\",\"@id\":\"https:\\\/\\\/www.marcocolzani.it\\\/#\\\/schema\\\/logo\\\/image\\\/\",\"url\":\"https:\\\/\\\/www.marcocolzani.it\\\/wp-content\\\/uploads\\\/2024\\\/09\\\/marco-colzani-logo.png\",\"contentUrl\":\"https:\\\/\\\/www.marcocolzani.it\\\/wp-content\\\/uploads\\\/2024\\\/09\\\/marco-colzani-logo.png\",\"width\":351,\"height\":17,\"caption\":\"Laboratorio di Marco Colzani S.r.l.\"},\"image\":{\"@id\":\"https:\\\/\\\/www.marcocolzani.it\\\/#\\\/schema\\\/logo\\\/image\\\/\"},\"sameAs\":[\"https:\\\/\\\/www.facebook.com\\\/marcocolzani.it\\\/\",\"https:\\\/\\\/www.instagram.com\\\/marcocolzani\\\/\"]}]}<\/script>\n<!-- \/ Yoast SEO plugin. -->","yoast_head_json":{"title":"Arabica 100% Decaffeinato in grani - Marco Colzani","robots":{"index":"index","follow":"follow","max-snippet":"max-snippet:-1","max-image-preview":"max-image-preview:large","max-video-preview":"max-video-preview:-1"},"canonical":"https:\/\/www.marcocolzani.it\/en\/product\/arabica-100-decaffeinato-in-grani\/","og_locale":"en_US","og_type":"article","og_title":"Arabica 100% Decaffeinato in grani - Marco Colzani","og_description":"Decaffeinato ad acqua, tutte le qualit\u00e0 aromatiche e la delicatezza del caff\u00e8 arabica, senza la caffeina.  Caff\u00e8 in grani. Contenuto: 1 Kg","og_url":"https:\/\/www.marcocolzani.it\/en\/product\/arabica-100-decaffeinato-in-grani\/","og_site_name":"Marco Colzani","article_publisher":"https:\/\/www.facebook.com\/marcocolzani.it\/","article_modified_time":"2024-12-09T09:23:38+00:00","og_image":[{"width":570,"height":756,"url":"https:\/\/www.marcocolzani.it\/wp-content\/uploads\/2024\/10\/Arabica-Deca-100-in-grani-1kg-cover.png","type":"image\/png"}],"twitter_card":"summary_large_image","twitter_misc":{"Est. reading time":"1 minute"},"schema":{"@context":"https:\/\/schema.org","@graph":[{"@type":"WebPage","@id":"https:\/\/www.marcocolzani.it\/prodotto\/arabica-100-decaffeinato-in-grani\/","url":"https:\/\/www.marcocolzani.it\/prodotto\/arabica-100-decaffeinato-in-grani\/","name":"Arabica 100% Decaffeinato in grani - Marco Colzani","isPartOf":{"@id":"https:\/\/www.marcocolzani.it\/#website"},"primaryImageOfPage":{"@id":"https:\/\/www.marcocolzani.it\/prodotto\/arabica-100-decaffeinato-in-grani\/#primaryimage"},"image":{"@id":"https:\/\/www.marcocolzani.it\/prodotto\/arabica-100-decaffeinato-in-grani\/#primaryimage"},"thumbnailUrl":"https:\/\/www.marcocolzani.it\/wp-content\/uploads\/2024\/10\/Arabica-Deca-100-in-grani-1kg-cover.png","datePublished":"2024-12-09T09:08:21+00:00","dateModified":"2024-12-09T09:23:38+00:00","breadcrumb":{"@id":"https:\/\/www.marcocolzani.it\/prodotto\/arabica-100-decaffeinato-in-grani\/#breadcrumb"},"inLanguage":"en-US","potentialAction":[{"@type":"ReadAction","target":["https:\/\/www.marcocolzani.it\/prodotto\/arabica-100-decaffeinato-in-grani\/"]}]},{"@type":"ImageObject","inLanguage":"en-US","@id":"https:\/\/www.marcocolzani.it\/prodotto\/arabica-100-decaffeinato-in-grani\/#primaryimage","url":"https:\/\/www.marcocolzani.it\/wp-content\/uploads\/2024\/10\/Arabica-Deca-100-in-grani-1kg-cover.png","contentUrl":"https:\/\/www.marcocolzani.it\/wp-content\/uploads\/2024\/10\/Arabica-Deca-100-in-grani-1kg-cover.png","width":570,"height":756},{"@type":"BreadcrumbList","@id":"https:\/\/www.marcocolzani.it\/prodotto\/arabica-100-decaffeinato-in-grani\/#breadcrumb","itemListElement":[{"@type":"ListItem","position":1,"name":"Home","item":"https:\/\/www.marcocolzani.it\/"},{"@type":"ListItem","position":2,"name":"Shop","item":"https:\/\/www.marcocolzani.it\/shop\/"},{"@type":"ListItem","position":3,"name":"Arabica 100% Decaffeinato in grani"}]},{"@type":"WebSite","@id":"https:\/\/www.marcocolzani.it\/#website","url":"https:\/\/www.marcocolzani.it\/","name":"Marco Colzani","description":"","publisher":{"@id":"https:\/\/www.marcocolzani.it\/#organization"},"potentialAction":[{"@type":"SearchAction","target":{"@type":"EntryPoint","urlTemplate":"https:\/\/www.marcocolzani.it\/?s={search_term_string}"},"query-input":{"@type":"PropertyValueSpecification","valueRequired":true,"valueName":"search_term_string"}}],"inLanguage":"en-US"},{"@type":"Organization","@id":"https:\/\/www.marcocolzani.it\/#organization","name":"Laboratorio di Marco Colzani S.r.l.","url":"https:\/\/www.marcocolzani.it\/","logo":{"@type":"ImageObject","inLanguage":"en-US","@id":"https:\/\/www.marcocolzani.it\/#\/schema\/logo\/image\/","url":"https:\/\/www.marcocolzani.it\/wp-content\/uploads\/2024\/09\/marco-colzani-logo.png","contentUrl":"https:\/\/www.marcocolzani.it\/wp-content\/uploads\/2024\/09\/marco-colzani-logo.png","width":351,"height":17,"caption":"Laboratorio di Marco Colzani S.r.l."},"image":{"@id":"https:\/\/www.marcocolzani.it\/#\/schema\/logo\/image\/"},"sameAs":["https:\/\/www.facebook.com\/marcocolzani.it\/","https:\/\/www.instagram.com\/marcocolzani\/"]}]}},"_links":{"self":[{"href":"https:\/\/www.marcocolzani.it\/en\/wp-json\/wp\/v2\/product\/2581","targetHints":{"allow":["GET"]}}],"collection":[{"href":"https:\/\/www.marcocolzani.it\/en\/wp-json\/wp\/v2\/product"}],"about":[{"href":"https:\/\/www.marcocolzani.it\/en\/wp-json\/wp\/v2\/types\/product"}],"wp:featuredmedia":[{"embeddable":true,"href":"https:\/\/www.marcocolzani.it\/en\/wp-json\/wp\/v2\/media\/970"}],"wp:attachment":[{"href":"https:\/\/www.marcocolzani.it\/en\/wp-json\/wp\/v2\/media?parent=2581"}],"wp:term":[{"taxonomy":"product_brand","embeddable":true,"href":"https:\/\/www.marcocolzani.it\/en\/wp-json\/wp\/v2\/product_brand?post=2581"},{"taxonomy":"product_cat","embeddable":true,"href":"https:\/\/www.marcocolzani.it\/en\/wp-json\/wp\/v2\/product_cat?post=2581"},{"taxonomy":"product_tag","embeddable":true,"href":"https:\/\/www.marcocolzani.it\/en\/wp-json\/wp\/v2\/product_tag?post=2581"}],"curies":[{"name":"wp","href":"https:\/\/api.w.org\/{rel}","templated":true}]}}